{"id":5429,"date":"2020-07-28T11:59:07","date_gmt":"2020-07-28T11:59:07","guid":{"rendered":"https:\/\/marathondiamond.com\/producto\/drill-weka-dk42b-dk42bs-dk42bl\/"},"modified":"2020-07-28T11:59:07","modified_gmt":"2020-07-28T11:59:07","slug":"drill-weka-dk42b-dk42bs-dk42bl","status":"publish","type":"product","link":"https:\/\/marathondiamond.com\/en\/producto\/drill-weka-dk42b-dk42bs-dk42bl\/","title":{"rendered":"Drill WEKA DK42B \/ DK42BS \/ DK42BL"},"content":{"rendered":"<p>Water-cooled 3-speed motor up to a diameter of 450 mm.<\/p>\n<p><img loading=\"lazy\" decoding=\"async\" class=\"alignnone size-full wp-image-1946\" src=\"https:\/\/marathondiamond.com\/wp-content\/uploads\/2020\/07\/weka-1.png\" alt=\"\" width=\"81\" height=\"38\"><\/p>\n<table style=\"height: 539px;\" width=\"899\">\n<tbody>\n<tr>\n<td style=\"width: 251.2px;\"><strong>MODEL <\/strong><\/td>\n<td style=\"width: 207.2px;\"><strong>DK42B<\/strong><\/td>\n<td style=\"width: 207.2px;\"><strong>DK42BS<\/strong><\/td>\n<td style=\"width: 207.2px;\"><strong>DK42BL<\/strong><\/td>\n<\/tr>\n<tr>\n<td style=\"width: 251.2px;\"><strong>Power rating<\/strong><\/td>\n<td style=\"width: 207.2px;\">3900<\/td>\n<td style=\"width: 207.2px;\">3900<\/td>\n<td style=\"width: 207.2px;\">3900<\/td>\n<\/tr>\n<tr>\n<td style=\"width: 251.2px;\"><strong>Effective power<\/strong><\/td>\n<td style=\"width: 207.2px;\">3000<\/td>\n<td style=\"width: 207.2px;\">3000<\/td>\n<td style=\"width: 207.2px;\">3000<\/td>\n<\/tr>\n<tr>\n<td style=\"width: 251.2px;\"><strong>Rotational speed<\/strong><\/td>\n<td style=\"width: 207.2px;\">160\/310\/490<\/td>\n<td style=\"width: 207.2px;\">230\/460\/720<\/td>\n<td style=\"width: 207.2px;\">130\/260\/410<\/td>\n<\/tr>\n<tr>\n<td style=\"width: 251.2px;\"><strong>Length <\/strong><\/td>\n<td style=\"width: 207.2px;\">540 mm<\/td>\n<td style=\"width: 207.2px;\">540 mm<\/td>\n<td style=\"width: 207.2px;\">540 mm<\/td>\n<\/tr>\n<tr>\n<td style=\"width: 251.2px;\"><strong>Weight<\/strong><\/td>\n<td style=\"width: 207.2px;\">19kg<\/td>\n<td style=\"width: 207.2px;\">19kg<\/td>\n<td style=\"width: 207.2px;\">19kg<\/td>\n<\/tr>\n<tr>\n<td style=\"width: 251.2px;\"><strong>Crown range<\/strong><\/td>\n<td style=\"width: 207.2px;\">\u00d870-400 mm<\/td>\n<td style=\"width: 207.2px;\">\u00d850-300 mm<\/td>\n<td style=\"width: 207.2px;\">\u00d890-450<\/td>\n<\/tr>\n<tr>\n<td style=\"width: 251.2px;\"><strong>Connection type<\/strong><\/td>\n<td style=\"width: 207.2px;\">1 \u00bc UNC Male<\/td>\n<td style=\"width: 207.2px;\">1 \u00bc UNC Male<\/td>\n<td style=\"width: 207.2px;\">1 \u00bc UNC Male<\/td>\n<\/tr>\n<tr>\n<td style=\"width: 251.2px;\"><strong>Water resistance <\/strong><\/td>\n<td style=\"width: 207.2px;\">IP 55<\/td>\n<td style=\"width: 207.2px;\">IP 55<\/td>\n<td style=\"width: 207.2px;\">IP 55<\/td>\n<\/tr>\n<tr>\n<td style=\"width: 251.2px;\"><strong>Spindle diameter <\/strong><\/td>\n<td style=\"width: 207.2px;\">4xM8\/slot 10&#215;4,3<\/td>\n<td style=\"width: 207.2px;\">4xM8\/slot 10&#215;4,3<\/td>\n<td style=\"width: 207.2px;\">4xM8\/slot 10&#215;4,3<\/td>\n<\/tr>\n<\/tbody>\n<\/table>\n","protected":false},"excerpt":{"rendered":"<p>Water-cooled 3-speed motor up to a diameter of 450 mm. MODEL DK42B DK42BS DK42BL Power rating 3900 3900 3900 Effective power 3000 3000 3000 Rotational speed 160\/310\/490 230\/460\/720 130\/260\/410 Length 540 mm 540 mm 540 mm Weight 19kg 19kg 19kg Crown range \u00d870-400 mm \u00d850-300 mm \u00d890-450 Connection type 1 \u00bc UNC Male 1 \u00bc [&hellip;]<\/p>\n","protected":false},"featured_media":5259,"template":"","meta":{"_et_pb_use_builder":"","_et_pb_old_content":"","_et_gb_content_width":"","_monsterinsights_skip_tracking":false,"_monsterinsights_sitenote_active":false,"_monsterinsights_sitenote_note":"","_monsterinsights_sitenote_category":0,"_uf_show_specific_survey":0,"_uf_disable_surveys":false},"product_brand":[],"product_cat":[478,515],"product_tag":[],"class_list":{"0":"post-5429","1":"product","2":"type-product","3":"status-publish","4":"has-post-thumbnail","6":"product_cat-machinery","7":"product_cat-diamond-core-drills","9":"first","10":"instock","11":"taxable","12":"shipping-taxable","13":"product-type-simple"},"aioseo_notices":[],"_links":{"self":[{"href":"https:\/\/marathondiamond.com\/en\/wp-json\/wp\/v2\/product\/5429","targetHints":{"allow":["GET"]}}],"collection":[{"href":"https:\/\/marathondiamond.com\/en\/wp-json\/wp\/v2\/product"}],"about":[{"href":"https:\/\/marathondiamond.com\/en\/wp-json\/wp\/v2\/types\/product"}],"wp:featuredmedia":[{"embeddable":true,"href":"https:\/\/marathondiamond.com\/en\/wp-json\/wp\/v2\/media\/5259"}],"wp:attachment":[{"href":"https:\/\/marathondiamond.com\/en\/wp-json\/wp\/v2\/media?parent=5429"}],"wp:term":[{"taxonomy":"product_brand","embeddable":true,"href":"https:\/\/marathondiamond.com\/en\/wp-json\/wp\/v2\/product_brand?post=5429"},{"taxonomy":"product_cat","embeddable":true,"href":"https:\/\/marathondiamond.com\/en\/wp-json\/wp\/v2\/product_cat?post=5429"},{"taxonomy":"product_tag","embeddable":true,"href":"https:\/\/marathondiamond.com\/en\/wp-json\/wp\/v2\/product_tag?post=5429"}],"curies":[{"name":"wp","href":"https:\/\/api.w.org\/{rel}","templated":true}]}}