{"id":5402,"date":"2020-07-28T12:53:39","date_gmt":"2020-07-28T12:53:39","guid":{"rendered":"https:\/\/marathondiamond.com\/producto\/agp-as200-column\/"},"modified":"2020-07-28T12:53:39","modified_gmt":"2020-07-28T12:53:39","slug":"agp-as200-column","status":"publish","type":"product","link":"https:\/\/marathondiamond.com\/en\/producto\/agp-as200-column\/","title":{"rendered":"AGP AS200 column"},"content":{"rendered":"<p><strong>DRILL COLUMN AGP AS200  <\/strong><\/p>\n<p>A versatile drill stand for hand-held drill motors. Drilling capacity up to \u00d8202 mm, with a full selection of optional accessories. <\/p>\n<table style=\"width: 900px; height: 437px;\" border=\"1\">\n<tbody>\n<tr>\n<td style=\"width: 184.8px;\"><strong>MODEL<\/strong><\/td>\n<td style=\"width: 148.8px;\">AS200<\/td>\n<td style=\"width: 143.2px;\">S350<\/td>\n<td style=\"width: 196px;\">S500<\/td>\n<td style=\"width: 196px;\">S800<\/td>\n<\/tr>\n<tr>\n<td style=\"width: 184.8px;\"><strong> <\/strong><\/td>\n<td style=\"width: 148.8px; text-align: center;\"><img loading=\"lazy\" decoding=\"async\" class=\"alignnone size-full wp-image-1955\" src=\"https:\/\/marathondiamond.com\/wp-content\/uploads\/2020\/07\/a200.png\" alt=\"\" width=\"91\" height=\"166\"><\/td>\n<td style=\"width: 143.2px; text-align: center;\"><img loading=\"lazy\" decoding=\"async\" class=\"alignnone size-full wp-image-1954\" src=\"https:\/\/marathondiamond.com\/wp-content\/uploads\/2020\/07\/a350.png\" alt=\"\" width=\"81\" height=\"164\"><\/td>\n<td style=\"width: 196px; text-align: center;\"><img loading=\"lazy\" decoding=\"async\" class=\"alignnone size-full wp-image-1953\" src=\"https:\/\/marathondiamond.com\/wp-content\/uploads\/2020\/07\/a500.png\" alt=\"\" width=\"89\" height=\"163\"><\/td>\n<td style=\"width: 196px; text-align: center;\"><img loading=\"lazy\" decoding=\"async\" class=\"size-full wp-image-1952 aligncenter\" src=\"https:\/\/marathondiamond.com\/wp-content\/uploads\/2020\/07\/a800.png\" alt=\"\" width=\"81\" height=\"169\"><\/td>\n<\/tr>\n<tr>\n<td style=\"width: 184.8px;\"><strong>Cap. without extension No extension  <\/strong><\/td>\n<td style=\"width: 148.8px;\">\u00d8 202 mm<\/td>\n<td style=\"width: 143.2px;\">\u00d8 352 mm<\/td>\n<td style=\"width: 196px;\">\u00d8 350 mm<\/td>\n<td style=\"width: 196px;\">\u00d8 350 mm<\/td>\n<\/tr>\n<tr>\n<td style=\"width: 184.8px;\"><strong>Max. cap. With spac. With extension   <\/strong><\/td>\n<td style=\"width: 148.8px;\">N\/A<\/td>\n<td style=\"width: 143.2px;\">N\/A<\/td>\n<td style=\"width: 196px;\">\u00d8 500 mm<\/td>\n<td style=\"width: 196px;\">\u00d8 800 mm<\/td>\n<\/tr>\n<tr>\n<td style=\"width: 184.8px;\"><strong>Effective carriage height<\/strong><\/td>\n<td style=\"width: 148.8px;\">500 mm<\/td>\n<td style=\"width: 143.2px;\">660 mm<\/td>\n<td style=\"width: 196px;\">690 mm<\/td>\n<td style=\"width: 196px;\">769 mm<\/td>\n<\/tr>\n<tr>\n<td style=\"width: 184.8px;\"><strong>Dimensions (LxWxH)<\/strong><\/td>\n<td style=\"width: 148.8px;\">361x250x890 mm<\/td>\n<td style=\"width: 143.2px;\">435x245x984 mm<\/td>\n<td style=\"width: 196px;\">548x240x1025mm<\/td>\n<td style=\"width: 196px;\">555x275x1035mm<\/td>\n<\/tr>\n<tr>\n<td style=\"width: 184.8px;\"><strong>Weight<\/strong><\/td>\n<td style=\"width: 148.8px;\">10,5kg<\/td>\n<td style=\"width: 143.2px;\">16.6kg<\/td>\n<td style=\"width: 196px;\">19.8kg<\/td>\n<td style=\"width: 196px;\">26.5kg<\/td>\n<\/tr>\n<\/tbody>\n<\/table>\n","protected":false},"excerpt":{"rendered":"<p>DRILL COLUMN AGP AS200 A versatile drill stand for hand-held drill motors. Drilling capacity up to \u00d8202 mm, with a full selection of optional accessories. MODEL AS200 S350 S500 S800 Cap. without extension No extension \u00d8 202 mm \u00d8 352 mm \u00d8 350 mm \u00d8 350 mm Max. cap. With spac. With extension N\/A N\/A [&hellip;]<\/p>\n","protected":false},"featured_media":3331,"template":"","meta":{"_et_pb_use_builder":"","_et_pb_old_content":"","_et_gb_content_width":"","_monsterinsights_skip_tracking":false,"_monsterinsights_sitenote_active":false,"_monsterinsights_sitenote_note":"","_monsterinsights_sitenote_category":0,"_uf_show_specific_survey":0,"_uf_disable_surveys":false},"product_brand":[],"product_cat":[478,501],"product_tag":[],"class_list":{"0":"post-5402","1":"product","2":"type-product","3":"status-publish","4":"has-post-thumbnail","6":"product_cat-machinery","7":"product_cat-diamond-drilling-columns","9":"first","10":"instock","11":"taxable","12":"shipping-taxable","13":"purchasable","14":"product-type-simple"},"aioseo_notices":[],"_links":{"self":[{"href":"https:\/\/marathondiamond.com\/en\/wp-json\/wp\/v2\/product\/5402","targetHints":{"allow":["GET"]}}],"collection":[{"href":"https:\/\/marathondiamond.com\/en\/wp-json\/wp\/v2\/product"}],"about":[{"href":"https:\/\/marathondiamond.com\/en\/wp-json\/wp\/v2\/types\/product"}],"wp:featuredmedia":[{"embeddable":true,"href":"https:\/\/marathondiamond.com\/en\/wp-json\/wp\/v2\/media\/3331"}],"wp:attachment":[{"href":"https:\/\/marathondiamond.com\/en\/wp-json\/wp\/v2\/media?parent=5402"}],"wp:term":[{"taxonomy":"product_brand","embeddable":true,"href":"https:\/\/marathondiamond.com\/en\/wp-json\/wp\/v2\/product_brand?post=5402"},{"taxonomy":"product_cat","embeddable":true,"href":"https:\/\/marathondiamond.com\/en\/wp-json\/wp\/v2\/product_cat?post=5402"},{"taxonomy":"product_tag","embeddable":true,"href":"https:\/\/marathondiamond.com\/en\/wp-json\/wp\/v2\/product_tag?post=5402"}],"curies":[{"name":"wp","href":"https:\/\/api.w.org\/{rel}","templated":true}]}}