{"id":3720,"date":"2024-11-20T11:05:12","date_gmt":"2024-11-20T11:05:12","guid":{"rendered":"https:\/\/marathondiamond.com\/who-we-are\/"},"modified":"2024-12-09T09:04:05","modified_gmt":"2024-12-09T09:04:05","slug":"who-we-are","status":"publish","type":"page","link":"https:\/\/marathondiamond.com\/en\/who-we-are\/","title":{"rendered":"Who we are"},"content":{"rendered":"<p>[et_pb_section fb_built=&#8221;1&#8243; _builder_version=&#8221;4.27.3&#8243; _module_preset=&#8221;default&#8221; background_image=&#8221;https:\/\/marathondiamond.com\/wp-content\/uploads\/2024\/11\/nosotros1.png&#8221; width=&#8221;100%&#8221; max_width=&#8221;100%&#8221; min_height=&#8221;100vh&#8221; height=&#8221;100vh&#8221; global_colors_info=&#8221;{}&#8221;][et_pb_row _builder_version=&#8221;4.27.3&#8243; _module_preset=&#8221;default&#8221; width=&#8221;100%&#8221; max_width=&#8221;100%&#8221; height=&#8221;100%&#8221; custom_padding=&#8221;|||5%|false|false&#8221; global_colors_info=&#8221;{}&#8221;][et_pb_column type=&#8221;4_4&#8243; _builder_version=&#8221;4.27.3&#8243; _module_preset=&#8221;default&#8221; global_colors_info=&#8221;{}&#8221;][et_pb_text content_tablet=&#8221;<\/p>\n<h1><strong><span style=%22color: #ffffff; font-size: 2em;%22>Marathon Diamond Tools<\/span><\/strong><\/h1>\n<\/p>\n<h4><span style=%22color: #ffffff; font-size: 1em;%22>%22Your trust is our best result.%22<\/span><\/h4>\n<p>&#8221; content_phone=&#8221;<\/p>\n<h1><strong><span style=%22color: #ffffff; font-size: 2em;%22>Marathon Diamond Tools<\/span><\/strong><\/h1>\n<h1><\/h1>\n<h4><span style=%22color: #ffffff; font-size: 1em;%22>%22Your trust is our best result.%22<\/span><\/h4>\n<p>&#8221; content_last_edited=&#8221;on|phone&#8221; _builder_version=&#8221;4.27.3&#8243; _module_preset=&#8221;default&#8221; text_text_color=&#8221;#FFFFFF&#8221; text_font_size=&#8221;69px&#8221; width=&#8221;100%&#8221; max_width=&#8221;100%&#8221; module_alignment=&#8221;left&#8221; min_height=&#8221;75vh&#8221; height=&#8221;100%&#8221; custom_css_free_form=&#8221;selector{||  display:flex;||  justify-content:flex-start;||  align-items:end;||}&#8221; global_colors_info=&#8221;{}&#8221;]<\/p>\n<h1><strong><span style=\"color: #ffffff; font-size: 2em;\">Marathon Diamond Tools<\/span><\/strong><\/h1>\n<p>&nbsp;<\/p>\n<h4><span style=\"color: #ffffff; font-size: 1em;\">&#8220;Your trust is our best result.&#8221;<\/span><\/h4>\n<p>[\/et_pb_text][\/et_pb_column][\/et_pb_row][\/et_pb_section][et_pb_section fb_built=&#8221;1&#8243; _builder_version=&#8221;4.16&#8243; global_colors_info=&#8221;{}&#8221;][et_pb_row column_structure=&#8221;2_3,1_3&#8243; _builder_version=&#8221;4.27.3&#8243; _module_preset=&#8221;default&#8221; custom_css_free_form=&#8221;\/* Para tablets (ancho m\u00e1ximo de 768px) *\/||selector{||display:flex;||justify-content:center; ||align-items:center;||  }||@media (max-width: 768px) {||  selector {||    display: flex;||    justify-content: flex-start; \/* Alinea hacia la izquierda *\/||    align-items: center; \/* Mantiene el centrado vertical *\/||    flex-direction: column; \/* Apila los elementos verticalmente *\/||  }||}||||\/* Para m\u00f3viles (ancho m\u00e1ximo de 480px) *\/||@media (max-width: 480px) {||  selector {||    display: flex;||    justify-content: flex-start; \/* Alinea hacia la izquierda *\/||    align-items: flex-start; \/* Alinea hacia la parte superior izquierda *\/||    flex-direction: column; \/* Apila los elementos verticalmente *\/||    padding: 10px; \/* Opcional: Agrega un poco de espacio interno *\/||  }||}||&#8221; global_colors_info=&#8221;{}&#8221;][et_pb_column type=&#8221;2_3&#8243; _builder_version=&#8221;4.27.3&#8243; _module_preset=&#8221;default&#8221; global_colors_info=&#8221;{}&#8221;][et_pb_text content_tablet=&#8221;<\/p>\n<h1 style=%22text-align: left;%22><em><span style=%22color: #ff6600;%22><strong>Marathon Diamond Tools  <\/strong><\/span><\/em><\/h1>\n<h1 style=%22text-align: left;%22><em><span style=%22color: #ff6600;%22><strong>Since 1995<\/strong><\/span><\/em><\/h1>\n<p><em><\/em><\/p>\n<p>It has developed and evolved from the contribution of knowledge in diamond metal alloys, specializing in the manufacture of customized tools. Over the years, we have developed different product lines depending on the applications, expanding these ranges and adapting them to the specific needs of a sector in continuous change. We design and manufacture the vast majority of our diamond products integrally, which allows us to exercise direct control over the result and adapt it to the particular needs of each application. In addition, our commercial service provides great added value, offering on-site presence to facilitate the best option according to the customer&apos;s requirements.   <\/p>\n<p>&#8221; content_phone=&#8221;<\/p>\n<h1 style=%22text-align: center;%22><em><span style=%22color: #ff6600;%22><strong>Marathon Diamond Tools  <\/strong><\/span><\/em><\/h1>\n<h1 style=%22text-align: center;%22><em><span style=%22color: #ff6600;%22><strong>Since 1995<\/strong><\/span><\/em><\/h1>\n<p><em><\/em><\/p>\n<p>It has developed and evolved from the contribution of knowledge in diamond metal alloys, specializing in the manufacture of customized tools. Over the years, we have developed different product lines depending on the applications, expanding these ranges and adapting them to the specific needs of a sector in continuous change. We design and manufacture the vast majority of our diamond products integrally, which allows us to exercise direct control over the result and adapt it to the particular needs of each application. In addition, our commercial service provides great added value, offering on-site presence to facilitate the best option according to the customer&apos;s requirements.   <\/p>\n<p>&#8221; content_last_edited=&#8221;on|tablet&#8221; _builder_version=&#8221;4.27.3&#8243; _module_preset=&#8221;default&#8221; text_font_size=&#8221;18px&#8221; text_orientation_tablet=&#8221;&#8221; text_orientation_phone=&#8221;center&#8221; text_orientation_last_edited=&#8221;on|tablet&#8221; global_colors_info=&#8221;{}&#8221;]<\/p>\n<h1 style=\"text-align: left;\"><em><span style=\"color: #ff6600;\"><strong>Marathon Diamond Tools  <\/strong><\/span><\/em><\/h1>\n<h1 style=\"text-align: left;\"><em><span style=\"color: #ff6600;\"><strong>Since 1995<\/strong><\/span><\/em><\/h1>\n<p><em><\/em><\/p>\n<p>It has developed and evolved from the contribution of knowledge in diamond metal alloys, specializing in the manufacture of customized tools. Over the years, we have developed different product lines depending on the applications, expanding these ranges and adapting them to the specific needs of a sector in continuous change. We design and manufacture the vast majority of our diamond products integrally, which allows us to exercise direct control over the result and adapt it to the particular needs of each application. In addition, our commercial service provides great added value, offering on-site presence to facilitate the best option according to the customer&#8217;s requirements.   <\/p>\n<p>[\/et_pb_text][\/et_pb_column][et_pb_column type=&#8221;1_3&#8243; _builder_version=&#8221;4.27.3&#8243; _module_preset=&#8221;default&#8221; global_colors_info=&#8221;{}&#8221;][et_pb_image src=&#8221;https:\/\/marathondiamond.com\/wp-content\/uploads\/2024\/11\/wVy0DEusTf-uxKQAAe87Kw.webp&#8221; title_text=&#8221;wVy0DEusTf-uxKQAAe87Kw&#8221; _builder_version=&#8221;4.27.3&#8243; _module_preset=&#8221;default&#8221; box_shadow_style=&#8221;preset1&#8243; box_shadow_color=&#8221;#000000&#8243; global_colors_info=&#8221;{}&#8221;][\/et_pb_image][\/et_pb_column][\/et_pb_row][et_pb_row column_structure=&#8221;1_3,2_3&#8243; _builder_version=&#8221;4.27.3&#8243; _module_preset=&#8221;default&#8221; custom_css_free_form=&#8221;\/* Para tablets (ancho m\u00e1ximo de 768px) *\/||selector{||display:flex;||justify-content:center; ||align-items:center;||  }||@media (max-width: 768px) {||  selector {||    display: flex;||    justify-content: flex-start; \/* Alinea hacia la izquierda *\/||    align-items: center; \/* Mantiene el centrado vertical *\/||    flex-direction: column-reverse; \/* Apila los elementos verticalmente *\/||  }||}||||\/* Para m\u00f3viles (ancho m\u00e1ximo de 480px) *\/||@media (max-width: 480px) {||  selector {||    display: flex;||    justify-content: flex-start; \/* Alinea hacia la izquierda *\/||    align-items: flex-start; \/* Alinea hacia la parte superior izquierda *\/||    flex-direction: column-reverse; \/* Apila los elementos verticalmente *\/||    padding: 10px; \/* Opcional: Agrega un poco de espacio interno *\/||  }||}||&#8221; global_colors_info=&#8221;{}&#8221;][et_pb_column type=&#8221;1_3&#8243; _builder_version=&#8221;4.27.3&#8243; _module_preset=&#8221;default&#8221; global_colors_info=&#8221;{}&#8221;][et_pb_image src=&#8221;https:\/\/marathondiamond.com\/wp-content\/uploads\/2024\/11\/ajOalyWlSES8YYf20ul59g.webp&#8221; title_text=&#8221;ajOalyWlSES8YYYf20ul59g&#8221; show_bottom_space_tablet=&#8221;&#8221; show_bottom_space_phone=&#8221;&#8221; show_bottom_space_last_edited=&#8221;on|tablet&#8221; _builder_version=&#8221;4.27.3&#8243; _module_preset=&#8221;default&#8221; custom_padding=&#8221;32px||||false|false&#8221; box_shadow_style=&#8221;preset2&#8243; box_shadow_color=&#8221;#000000&#8243; global_colors_info=&#8221;{}&#8221;][\/et_pb_image][\/et_pb_column][et_pb_column type=&#8221;2_3&#8243; _builder_version=&#8221;4.27.3&#8243; _module_preset=&#8221;default&#8221; global_colors_info=&#8221;{}&#8221;][et_pb_text content_tablet=&#8221;<\/p>\n<h1 style=%22text-align: center;%22><em><span><strong> <span style=%22color: #ff6600;%22>Design and manufacturing<\/span><\/strong><\/span><\/em><\/h1>\n<p>&#8221; content_phone=&#8221;<\/p>\n<h1 style=%22text-align: center;%22><em><span><strong> <span style=%22color: #ff6600;%22>Design and manufacturing<\/span><\/strong><\/span><\/em><\/h1>\n<p>&#8221; content_last_edited=&#8221;on|tablet&#8221; _builder_version=&#8221;4.27.3&#8243; _module_preset=&#8221;default&#8221; custom_margin=&#8221;38px|||||&#8221; global_colors_info=&#8221;{}&#8221;]<\/p>\n<h1 style=\"text-align: left;\"><em><span><strong> <span style=\"color: #ff6600;\">Design and manufacturing<\/span><\/strong><\/span><\/em><\/h1>\n<p>[\/et_pb_text][et_pb_text _builder_version=&#8221;4.27.3&#8243; _module_preset=&#8221;default&#8221; text_font_size=&#8221;18px&#8221; text_orientation_tablet=&#8221;&#8221; text_orientation_phone=&#8221;center&#8221; text_orientation_last_edited=&#8221;on|phone&#8221; global_colors_info=&#8221;{}&#8221;]<\/p>\n<p>We manufacture core bits in a multitude of diameters and, above all, in non-standard lengths, as well as wall discs and floor cutters. This gives Marathon Diamond Tools a flexibility and agility that is unique in our industry. Our facilities are equipped with the most modern manufacturing means, adapted to our production system. Today we put everything at your disposal, together with our professional commitment to service, with the certainty that our products will deserve your trust and will provide you with solutions and satisfaction to meet your expectations. Count on us for your cutting and drilling needs, whatever your professional requirements.    <\/p>\n<p>[\/et_pb_text][\/et_pb_column][\/et_pb_row][et_pb_row column_structure=&#8221;3_5,2_5&#8243; _builder_version=&#8221;4.27.3&#8243; _module_preset=&#8221;default&#8221; custom_css_free_form=&#8221;selector{||display:flex;||justify-content:center; ||align-items:center;||  }||\/* Para tablets (ancho m\u00e1ximo de 768px) *\/||@media (max-width: 768px) {||  selector {||    display: flex;||    justify-content: flex-start; \/* Alinea hacia la izquierda *\/||    align-items: center; \/* Mantiene el centrado vertical *\/||    flex-direction: column; \/* Apila los elementos verticalmente *\/||  }||}||||\/* Para m\u00f3viles (ancho m\u00e1ximo de 480px) *\/||@media (max-width: 480px) {||  selector {||    display: flex;||    justify-content: flex-start; \/* Alinea hacia la izquierda *\/||    align-items: flex-start; \/* Alinea hacia la parte superior izquierda *\/||    flex-direction: column; \/* Apila los elementos verticalmente *\/||    padding: 10px; \/* Opcional: Agrega un poco de espacio interno *\/||  }||}||&#8221; global_colors_info=&#8221;{}&#8221;][et_pb_column type=&#8221;3_5&#8243; _builder_version=&#8221;4.27.3&#8243; _module_preset=&#8221;default&#8221; global_colors_info=&#8221;{}&#8221;][et_pb_text content_tablet=&#8221;<\/p>\n<h1 style=%22text-align: left;%22><em><strong><span color=%22#ff6600%22 style=%22color: #ff6600;%22>Hiring incentive program<\/span><\/strong><\/em><\/h1>\n<p>&#8221; content_phone=&#8221;<\/p>\n<h1 style=%22text-align: center;%22><em><strong><span color=%22#ff6600%22 style=%22color: #ff6600;%22>Hiring incentive program<\/span><\/strong><\/em><\/h1>\n<p>&#8221; content_last_edited=&#8221;on|phone&#8221; _builder_version=&#8221;4.27.3&#8243; _module_preset=&#8221;default&#8221; text_orientation_tablet=&#8221;&#8221; text_orientation_phone=&#8221;center&#8221; text_orientation_last_edited=&#8221;on|tablet&#8221; global_colors_info=&#8221;{}&#8221;]<\/p>\n<h1 style=\"text-align: left;\"><em><strong><span color=\"#ff6600\" style=\"color: #ff6600;\">Hiring incentive program<\/span><\/strong><\/em><\/h1>\n<p>[\/et_pb_text][et_pb_text _builder_version=&#8221;4.27.3&#8243; _module_preset=&#8221;default&#8221; text_font_size=&#8221;18px&#8221; text_orientation_tablet=&#8221;&#8221; text_orientation_phone=&#8221;center&#8221; text_orientation_last_edited=&#8221;on|tablet&#8221; global_colors_info=&#8221;{}&#8221;]<\/p>\n<p style=\"text-align: left;\">Marathon Diamond Tools, S.L. has been beneficiary in 2021 of an incentive aid for hiring and training, through the TR342C program, of the Conseller\u00eda de Emprego e Igualdade by the &#8220;Plan Galicia emplea de incentivos a la contrataci\u00f3n y a la formaci\u00f3n en la empresa ordinaria para el a\u00f1o 2021&#8221; by the hand of the Servicio de Empleo y Econom\u00eda Social de la Jefatura Territorial de la Conseller\u00eda de Empleo e Igualdad, Xunta de Galicia.<\/p>\n<p>[\/et_pb_text][\/et_pb_column][et_pb_column type=&#8221;2_5&#8243; _builder_version=&#8221;4.27.3&#8243; _module_preset=&#8221;default&#8221; global_colors_info=&#8221;{}&#8221;][et_pb_image src=&#8221;https:\/\/marathondiamond.com\/wp-content\/uploads\/2021\/12\/WhatsApp-Image-2021-12-21-at-09.45.55-1.jpeg&#8221; _builder_version=&#8221;4.16&#8243; _module_preset=&#8221;default&#8221; custom_margin=&#8221;30px||24px|||&#8221; custom_padding=&#8221;1px|||||&#8221; global_colors_info=&#8221;{}&#8221;][\/et_pb_image][\/et_pb_column][\/et_pb_row][et_pb_row column_structure=&#8221;1_3,2_3&#8243; _builder_version=&#8221;4.27.3&#8243; _module_preset=&#8221;default&#8221; custom_css_free_form=&#8221;selector{||display:flex;||justify-content:center; ||align-items:center;||  }||\/* Para tablets (ancho m\u00e1ximo de 768px) *\/||@media (max-width: 768px) {||  selector {||    display: flex;||    justify-content: flex-start; \/* Alinea hacia la izquierda *\/||    align-items: center; \/* Mantiene el centrado vertical *\/||    flex-direction: column-reverse; \/* Apila los elementos verticalmente *\/||  }||}||||\/* Para m\u00f3viles (ancho m\u00e1ximo de 480px) *\/||@media (max-width: 480px) {||  selector {||    display: flex;||    justify-content: flex-start; \/* Alinea hacia la izquierda *\/||    align-items: flex-start; \/* Alinea hacia la parte superior izquierda *\/||    flex-direction: column-reverse; \/* Apila los elementos verticalmente *\/||    padding: 10px; \/* Opcional: Agrega un poco de espacio interno *\/||  }||}||&#8221; global_colors_info=&#8221;{}&#8221;][et_pb_column type=&#8221;1_3&#8243; _builder_version=&#8221;4.27.3&#8243; _module_preset=&#8221;default&#8221; global_colors_info=&#8221;{}&#8221;][et_pb_image src=&#8221;https:\/\/marathondiamond.com\/wp-content\/uploads\/2022\/12\/CONVOCATORIA.jpg&#8221; title_text=&#8221;CALL FOR QUALIFICATIONS&#8221; _builder_version=&#8221;4.27.3&#8243; _module_preset=&#8221;default&#8221; width=&#8221;100%&#8221; custom_padding=&#8221;32px|8px||2px|false|false&#8221; global_colors_info=&#8221;{}&#8221;][\/et_pb_image][\/et_pb_column][et_pb_column type=&#8221;2_3&#8243; _builder_version=&#8221;4.27.3&#8243; _module_preset=&#8221;default&#8221; global_colors_info=&#8221;{}&#8221;][et_pb_text content_tablet=&#8221;<\/p>\n<h1 style=%22text-align: center;%22><span color=%22#ff6600%22 style=%22color: #ff6600;%22><b>FEDER &#8211; INEGA grant  <\/b><\/span><\/h1>\n<p>&#8221; content_phone=&#8221;<\/p>\n<h1 style=%22text-align: center;%22><span color=%22#ff6600%22 style=%22color: #ff6600;%22><b>FEDER &#8211; INEGA grant  <\/b><\/span><\/h1>\n<p>&#8221; content_last_edited=&#8221;on|desktop&#8221; _builder_version=&#8221;4.27.3&#8243; _module_preset=&#8221;default&#8221; global_colors_info=&#8221;{}&#8221;]<\/p>\n<h1 style=\"text-align: right;\"><span color=\"#ff6600\" style=\"color: #ff6600;\"><b>FEDER &#8211; INEGA grant  <\/b><\/span><\/h1>\n<p>[\/et_pb_text][et_pb_text content_tablet=&#8221;<\/p>\n<p style=%22text-align: right;%22>Marathon Diamond Tools, S.L. is grateful for the support of the Instituto Enerx\u00e9tico de Galicia (INEGA), the Xunta de Galicia and the European Regional Development Fund (ERDF) for the grant for our Energy Saving and Efficiency Project 2022-2023, which allowed the acquisition and replacement of a new marking laser in our production line.<\/p>\n<p>&#8221; content_phone=&#8221;<\/p>\n<p style=%22text-align: center;%22>Marathon Diamond Tools, S.L. is grateful for the support of the Instituto Enerx\u00e9tico de Galicia (INEGA), the Xunta de Galicia and the European Regional Development Fund (ERDF) for the grant for our Energy Saving and Efficiency Project 2022-2023, which allowed the acquisition and replacement of a new marking laser in our production line.<\/p>\n<p>&#8221; content_last_edited=&#8221;on|phone&#8221; _builder_version=&#8221;4.27.3&#8243; _module_preset=&#8221;default&#8221; text_font_size=&#8221;18px&#8221; global_colors_info=&#8221;{}&#8221;]<\/p>\n<p style=\"text-align: right;\">Marathon Diamond Tools, S.L. is grateful for the support of the Instituto Enerx\u00e9tico de Galicia (INEGA), the Xunta de Galicia and the European Regional Development Fund (ERDF) for the grant for our Energy Saving and Efficiency Project 2022-2023, which allowed the acquisition and replacement of a new marking laser in our production line.<\/p>\n<p>[\/et_pb_text][\/et_pb_column][\/et_pb_row][\/et_pb_section]<\/p>\n","protected":false},"excerpt":{"rendered":"<p>Marathon Diamond Tools &nbsp; &#8220;Your trust is our best result.&#8221;Marathon Diamond Tools Since 1995 It has developed and evolved from the contribution of knowledge in diamond metal alloys, specializing in the manufacture of customized tools. Over the years, we have developed different product lines depending on the applications, expanding these ranges and adapting them to [&hellip;]<\/p>\n","protected":false},"author":3,"featured_media":0,"parent":0,"menu_order":0,"comment_status":"closed","ping_status":"closed","template":"","meta":{"_et_pb_use_builder":"on","_et_pb_old_content":"","_et_gb_content_width":"","_monsterinsights_skip_tracking":false,"_monsterinsights_sitenote_active":false,"_monsterinsights_sitenote_note":"","_monsterinsights_sitenote_category":0,"_uf_show_specific_survey":0,"_uf_disable_surveys":false,"footnotes":""},"class_list":["post-3720","page","type-page","status-publish","hentry"],"aioseo_notices":[],"_links":{"self":[{"href":"https:\/\/marathondiamond.com\/en\/wp-json\/wp\/v2\/pages\/3720","targetHints":{"allow":["GET"]}}],"collection":[{"href":"https:\/\/marathondiamond.com\/en\/wp-json\/wp\/v2\/pages"}],"about":[{"href":"https:\/\/marathondiamond.com\/en\/wp-json\/wp\/v2\/types\/page"}],"author":[{"embeddable":true,"href":"https:\/\/marathondiamond.com\/en\/wp-json\/wp\/v2\/users\/3"}],"replies":[{"embeddable":true,"href":"https:\/\/marathondiamond.com\/en\/wp-json\/wp\/v2\/comments?post=3720"}],"version-history":[{"count":3,"href":"https:\/\/marathondiamond.com\/en\/wp-json\/wp\/v2\/pages\/3720\/revisions"}],"predecessor-version":[{"id":3851,"href":"https:\/\/marathondiamond.com\/en\/wp-json\/wp\/v2\/pages\/3720\/revisions\/3851"}],"wp:attachment":[{"href":"https:\/\/marathondiamond.com\/en\/wp-json\/wp\/v2\/media?parent=3720"}],"curies":[{"name":"wp","href":"https:\/\/api.w.org\/{rel}","templated":true}]}}